{"id":283,"date":"2023-10-20T14:28:18","date_gmt":"2023-10-20T11:28:18","guid":{"rendered":"https:\/\/www.fysioclinic.net\/?page_id=283"},"modified":"2023-11-08T08:32:39","modified_gmt":"2023-11-08T06:32:39","slug":"personal","status":"publish","type":"page","link":"https:\/\/www.fysioclinic.net\/index.php\/personal\/","title":{"rendered":"Personal"},"content":{"rendered":"\n<div class=\"wp-block-cover alignwide is-light\" style=\"border-radius:50px\"><span aria-hidden=\"true\" class=\"wp-block-cover__background has-background-dim-0 has-background-dim\"><\/span><img decoding=\"async\" loading=\"lazy\" width=\"1024\" height=\"683\" class=\"wp-block-cover__image-background wp-image-77\" alt=\"\" src=\"https:\/\/www.fysioclinic.net\/wp-content\/uploads\/2023\/09\/DSCF0971-4-1024x683.jpg\" style=\"object-position:50% 7%\" data-object-fit=\"cover\" data-object-position=\"50% 7%\" srcset=\"https:\/\/www.fysioclinic.net\/wp-content\/uploads\/2023\/09\/DSCF0971-4-1024x683.jpg 1024w, https:\/\/www.fysioclinic.net\/wp-content\/uploads\/2023\/09\/DSCF0971-4-300x200.jpg 300w, https:\/\/www.fysioclinic.net\/wp-content\/uploads\/2023\/09\/DSCF0971-4-768x512.jpg 768w, https:\/\/www.fysioclinic.net\/wp-content\/uploads\/2023\/09\/DSCF0971-4-1536x1024.jpg 1536w, https:\/\/www.fysioclinic.net\/wp-content\/uploads\/2023\/09\/DSCF0971-4-2048x1366.jpg 2048w\" sizes=\"(max-width: 1024px) 100vw, 1024px\" \/><div class=\"wp-block-cover__inner-container is-layout-flow wp-block-cover-is-layout-flow\">\n<p class=\"has-text-align-center has-base-color has-text-color\" style=\"font-size:clamp(2.629rem, 2.629rem + ((1vw - 0.2rem) * 4.311), 5rem);\"><\/p>\n<\/div><\/div>\n\n\n\n<div style=\"height:50px\" aria-hidden=\"true\" class=\"wp-block-spacer\"><\/div>\n\n\n\n<div class=\"wp-block-columns alignwide is-layout-flex wp-container-10 wp-block-columns-is-layout-flex\">\n<div class=\"wp-block-column is-layout-flow wp-block-column-is-layout-flow\">\n<div class=\"wp-block-columns is-not-stacked-on-mobile is-layout-flex wp-container-4 wp-block-columns-is-layout-flex\">\n<div class=\"wp-block-column is-layout-flow wp-block-column-is-layout-flow\">\n<p style=\"font-size:clamp(16.293px, 1.018rem + ((1vw - 3.2px) * 0.989), 25px);\"><strong>Patrik Nyg\u00e5rd<\/strong><\/p>\n\n\n\n<p style=\"margin-top:0;margin-bottom:0;font-style:italic;font-weight:100\">Fysioterapeut, <\/p>\n\n\n\n<p style=\"margin-top:0;margin-bottom:0;font-style:italic;font-weight:100\">OMI Advanced examen<\/p>\n<\/div>\n\n\n\n<div class=\"wp-block-column is-layout-flow wp-block-column-is-layout-flow\">\n<figure class=\"wp-block-image size-large has-custom-border is-style-rounded\"><img decoding=\"async\" loading=\"lazy\" width=\"682\" height=\"1024\" src=\"https:\/\/www.fysioclinic.net\/wp-content\/uploads\/2023\/09\/DSCF1055-682x1024.jpg\" alt=\"\" class=\"wp-image-104\" style=\"border-style:none;border-width:0px;border-radius:50px\" srcset=\"https:\/\/www.fysioclinic.net\/wp-content\/uploads\/2023\/09\/DSCF1055-682x1024.jpg 682w, https:\/\/www.fysioclinic.net\/wp-content\/uploads\/2023\/09\/DSCF1055-200x300.jpg 200w, https:\/\/www.fysioclinic.net\/wp-content\/uploads\/2023\/09\/DSCF1055-768x1152.jpg 768w, https:\/\/www.fysioclinic.net\/wp-content\/uploads\/2023\/09\/DSCF1055-1024x1536.jpg 1024w, https:\/\/www.fysioclinic.net\/wp-content\/uploads\/2023\/09\/DSCF1055-1365x2048.jpg 1365w, https:\/\/www.fysioclinic.net\/wp-content\/uploads\/2023\/09\/DSCF1055.jpg 1666w\" sizes=\"(max-width: 682px) 100vw, 682px\" \/><\/figure>\n<\/div>\n<\/div>\n<\/div>\n\n\n\n<div class=\"wp-block-column is-layout-flow wp-block-column-is-layout-flow\">\n<div class=\"wp-block-columns is-not-stacked-on-mobile is-layout-flex wp-container-8 wp-block-columns-is-layout-flex\">\n<div class=\"wp-block-column is-layout-flow wp-block-column-is-layout-flow\">\n<p style=\"font-size:clamp(16.293px, 1.018rem + ((1vw - 3.2px) * 0.989), 25px);\"><strong>Linda Kronberg<\/strong><\/p>\n\n\n\n<p style=\"margin-top:0;margin-bottom:0;font-style:italic;font-weight:100\">Fysioterapeut, <\/p>\n\n\n\n<p style=\"margin-top:0;margin-bottom:0;font-style:italic;font-weight:100\">OMI Advanced examen, <\/p>\n\n\n\n<p style=\"margin-top:0;margin-bottom:0;font-style:italic;font-weight:100\">cert. MDT-Terapeut<\/p>\n<\/div>\n\n\n\n<div class=\"wp-block-column is-layout-flow wp-block-column-is-layout-flow\">\n<figure class=\"wp-block-image size-large has-custom-border is-style-default\"><img decoding=\"async\" loading=\"lazy\" width=\"683\" height=\"1024\" src=\"https:\/\/www.fysioclinic.net\/wp-content\/uploads\/2023\/11\/DSCF1192-1-683x1024.jpg\" alt=\"\" class=\"wp-image-305\" style=\"border-radius:50px\" srcset=\"https:\/\/www.fysioclinic.net\/wp-content\/uploads\/2023\/11\/DSCF1192-1-683x1024.jpg 683w, https:\/\/www.fysioclinic.net\/wp-content\/uploads\/2023\/11\/DSCF1192-1-200x300.jpg 200w, https:\/\/www.fysioclinic.net\/wp-content\/uploads\/2023\/11\/DSCF1192-1-768x1152.jpg 768w, https:\/\/www.fysioclinic.net\/wp-content\/uploads\/2023\/11\/DSCF1192-1-1024x1536.jpg 1024w, https:\/\/www.fysioclinic.net\/wp-content\/uploads\/2023\/11\/DSCF1192-1-1366x2048.jpg 1366w, https:\/\/www.fysioclinic.net\/wp-content\/uploads\/2023\/11\/DSCF1192-1.jpg 1667w\" sizes=\"(max-width: 683px) 100vw, 683px\" \/><\/figure>\n<\/div>\n<\/div>\n<\/div>\n<\/div>\n\n\n\n<div style=\"height:50px\" aria-hidden=\"true\" class=\"wp-block-spacer\"><\/div>\n\n\n\n<div class=\"wp-block-columns alignwide is-layout-flex wp-container-19 wp-block-columns-is-layout-flex\">\n<div class=\"wp-block-column is-layout-flow wp-block-column-is-layout-flow\">\n<div class=\"wp-block-columns is-not-stacked-on-mobile is-layout-flex wp-container-13 wp-block-columns-is-layout-flex\">\n<div class=\"wp-block-column is-layout-flow wp-block-column-is-layout-flow\">\n<p style=\"font-size:clamp(16.293px, 1.018rem + ((1vw - 3.2px) * 0.989), 25px);\"><strong>Kenneth Wilson<\/strong><\/p>\n\n\n\n<p style=\"margin-top:0;margin-bottom:0;font-style:italic;font-weight:100\">L\u00e4kare, <\/p>\n\n\n\n<p style=\"margin-top:0;margin-bottom:0;font-style:italic;font-weight:100\">spec. Allm\u00e4n medicin, <\/p>\n\n\n\n<p style=\"margin-top:0;margin-bottom:0;font-style:italic;font-weight:100\">OMI Advanced examen<\/p>\n<\/div>\n\n\n\n<div class=\"wp-block-column is-layout-flow wp-block-column-is-layout-flow\">\n<figure class=\"wp-block-image size-large has-custom-border\"><img decoding=\"async\" loading=\"lazy\" width=\"682\" height=\"1024\" src=\"https:\/\/www.fysioclinic.net\/wp-content\/uploads\/2023\/11\/DSCF1032-682x1024.jpg\" alt=\"\" class=\"wp-image-306\" style=\"border-radius:50px\" srcset=\"https:\/\/www.fysioclinic.net\/wp-content\/uploads\/2023\/11\/DSCF1032-682x1024.jpg 682w, https:\/\/www.fysioclinic.net\/wp-content\/uploads\/2023\/11\/DSCF1032-200x300.jpg 200w, https:\/\/www.fysioclinic.net\/wp-content\/uploads\/2023\/11\/DSCF1032-768x1152.jpg 768w, https:\/\/www.fysioclinic.net\/wp-content\/uploads\/2023\/11\/DSCF1032-1024x1536.jpg 1024w, https:\/\/www.fysioclinic.net\/wp-content\/uploads\/2023\/11\/DSCF1032-1365x2048.jpg 1365w, https:\/\/www.fysioclinic.net\/wp-content\/uploads\/2023\/11\/DSCF1032.jpg 1666w\" sizes=\"(max-width: 682px) 100vw, 682px\" \/><\/figure>\n<\/div>\n<\/div>\n<\/div>\n\n\n\n<div class=\"wp-block-column is-layout-flow wp-block-column-is-layout-flow\">\n<div class=\"wp-block-columns is-not-stacked-on-mobile is-layout-flex wp-container-17 wp-block-columns-is-layout-flex\">\n<div class=\"wp-block-column is-layout-flow wp-block-column-is-layout-flow\">\n<p style=\"font-size:clamp(16.293px, 1.018rem + ((1vw - 3.2px) * 0.989), 25px);\"><strong>Christoffer Dahla<\/strong><\/p>\n\n\n\n<p style=\"margin-top:0;margin-bottom:0;font-style:italic;font-weight:100\">Legitimerad Mass\u00f6r<\/p>\n<\/div>\n\n\n\n<div class=\"wp-block-column is-layout-flow wp-block-column-is-layout-flow\">\n<figure class=\"wp-block-image size-large has-custom-border\"><img decoding=\"async\" loading=\"lazy\" width=\"682\" height=\"1024\" src=\"https:\/\/www.fysioclinic.net\/wp-content\/uploads\/2023\/11\/DSCF1006-682x1024.jpg\" alt=\"\" class=\"wp-image-308\" style=\"border-radius:50px\" srcset=\"https:\/\/www.fysioclinic.net\/wp-content\/uploads\/2023\/11\/DSCF1006-682x1024.jpg 682w, https:\/\/www.fysioclinic.net\/wp-content\/uploads\/2023\/11\/DSCF1006-200x300.jpg 200w, https:\/\/www.fysioclinic.net\/wp-content\/uploads\/2023\/11\/DSCF1006-768x1153.jpg 768w, https:\/\/www.fysioclinic.net\/wp-content\/uploads\/2023\/11\/DSCF1006-1023x1536.jpg 1023w, https:\/\/www.fysioclinic.net\/wp-content\/uploads\/2023\/11\/DSCF1006-1364x2048.jpg 1364w, https:\/\/www.fysioclinic.net\/wp-content\/uploads\/2023\/11\/DSCF1006.jpg 1632w\" sizes=\"(max-width: 682px) 100vw, 682px\" \/><\/figure>\n<\/div>\n<\/div>\n<\/div>\n<\/div>\n\n\n\n<div style=\"height:50px\" aria-hidden=\"true\" class=\"wp-block-spacer\"><\/div>\n\n\n\n<div class=\"wp-block-columns alignwide is-layout-flex wp-container-25 wp-block-columns-is-layout-flex\">\n<div class=\"wp-block-column is-layout-flow wp-block-column-is-layout-flow\">\n<div class=\"wp-block-columns is-not-stacked-on-mobile is-layout-flex wp-container-22 wp-block-columns-is-layout-flex\">\n<div class=\"wp-block-column is-layout-flow wp-block-column-is-layout-flow\">\n<p style=\"font-size:clamp(16.293px, 1.018rem + ((1vw - 3.2px) * 0.989), 25px);\"><strong>Annika Leandersson<\/strong><\/p>\n\n\n\n<p style=\"margin-top:0;margin-bottom:0;font-style:italic;font-weight:100\">Fysioterapeut, <\/p>\n\n\n\n<p style=\"margin-top:0;margin-bottom:0;font-style:italic;font-weight:100\">Arbetsfysioterapeut<\/p>\n<\/div>\n\n\n\n<div class=\"wp-block-column is-layout-flow wp-block-column-is-layout-flow\">\n<figure class=\"wp-block-image size-large has-custom-border\"><img decoding=\"async\" loading=\"lazy\" width=\"683\" height=\"1024\" src=\"https:\/\/www.fysioclinic.net\/wp-content\/uploads\/2023\/11\/DSCF1018-1-683x1024.jpg\" alt=\"\" class=\"wp-image-309\" style=\"border-radius:50px\" srcset=\"https:\/\/www.fysioclinic.net\/wp-content\/uploads\/2023\/11\/DSCF1018-1-683x1024.jpg 683w, https:\/\/www.fysioclinic.net\/wp-content\/uploads\/2023\/11\/DSCF1018-1-200x300.jpg 200w, https:\/\/www.fysioclinic.net\/wp-content\/uploads\/2023\/11\/DSCF1018-1-768x1152.jpg 768w, https:\/\/www.fysioclinic.net\/wp-content\/uploads\/2023\/11\/DSCF1018-1-1024x1536.jpg 1024w, https:\/\/www.fysioclinic.net\/wp-content\/uploads\/2023\/11\/DSCF1018-1-1366x2048.jpg 1366w, https:\/\/www.fysioclinic.net\/wp-content\/uploads\/2023\/11\/DSCF1018-1.jpg 1667w\" sizes=\"(max-width: 683px) 100vw, 683px\" \/><\/figure>\n<\/div>\n<\/div>\n<\/div>\n\n\n\n<div class=\"wp-block-column is-layout-flow wp-block-column-is-layout-flow\"><\/div>\n<\/div>\n\n\n\n<div style=\"height:100px\" aria-hidden=\"true\" class=\"wp-block-spacer\"><\/div>\n","protected":false},"excerpt":{"rendered":"<p>Patrik Nyg\u00e5rd Fysioterapeut, OMI Advanced examen Linda Kronberg Fysioterapeut, OMI Advanced examen, cert. MDT-Terapeut Kenneth Wilson L\u00e4kare, spec. Allm\u00e4n medicin, OMI Advanced examen Christoffer Dahla Legitimerad Mass\u00f6r Annika Leandersson Fysioterapeut, Arbetsfysioterapeut<\/p>\n","protected":false},"author":1,"featured_media":0,"parent":0,"menu_order":0,"comment_status":"closed","ping_status":"closed","template":"","meta":{"footnotes":""},"_links":{"self":[{"href":"https:\/\/www.fysioclinic.net\/index.php\/wp-json\/wp\/v2\/pages\/283"}],"collection":[{"href":"https:\/\/www.fysioclinic.net\/index.php\/wp-json\/wp\/v2\/pages"}],"about":[{"href":"https:\/\/www.fysioclinic.net\/index.php\/wp-json\/wp\/v2\/types\/page"}],"author":[{"embeddable":true,"href":"https:\/\/www.fysioclinic.net\/index.php\/wp-json\/wp\/v2\/users\/1"}],"replies":[{"embeddable":true,"href":"https:\/\/www.fysioclinic.net\/index.php\/wp-json\/wp\/v2\/comments?post=283"}],"version-history":[{"count":11,"href":"https:\/\/www.fysioclinic.net\/index.php\/wp-json\/wp\/v2\/pages\/283\/revisions"}],"predecessor-version":[{"id":355,"href":"https:\/\/www.fysioclinic.net\/index.php\/wp-json\/wp\/v2\/pages\/283\/revisions\/355"}],"wp:attachment":[{"href":"https:\/\/www.fysioclinic.net\/index.php\/wp-json\/wp\/v2\/media?parent=283"}],"curies":[{"name":"wp","href":"https:\/\/api.w.org\/{rel}","templated":true}]}}