{"id":256,"date":"2023-10-19T13:43:55","date_gmt":"2023-10-19T10:43:55","guid":{"rendered":"https:\/\/www.fysioclinic.net\/?page_id=256"},"modified":"2023-11-10T15:32:59","modified_gmt":"2023-11-10T13:32:59","slug":"mckenzie-menetelma-mdt","status":"publish","type":"page","link":"https:\/\/www.fysioclinic.net\/index.php\/mckenzie-menetelma-mdt\/","title":{"rendered":"McKenzie menetelm\u00e4 (MDT)"},"content":{"rendered":"\n<div class=\"wp-block-columns alignwide is-layout-flex wp-container-3 wp-block-columns-is-layout-flex\">\n<div class=\"wp-block-column is-layout-flow wp-block-column-is-layout-flow\" style=\"flex-basis:66.66%\">\n<p>Mekaaninen diagnostisointi ja terapia (MDT) on ft&nbsp; R.McKenzien kehitt\u00e4m\u00e4 tutkimus- ja hoitomenetelm\u00e4 selk\u00e4vaivojen hoitoon. Fyysisen tutkimuksen p\u00e4\u00e4paino on oireiden analysoinnissa suhteessa tiettyihin toistettuihin rangan liikkeisiin ja pitk\u00e4kestoisiin asentoihin. <\/p>\n\n\n\n<p>Yksil\u00f6llinen hoito-ohjelma koostuu spesifeist\u00e4 harjoituksista, asennon hallinnan opetuksesta, liikkeist\u00e4 ja ennaltaehk\u00e4isyst\u00e4 sek\u00e4 ensiapuohjeiden opetuksesta uusien kipuepisodien pahenemisen ehk\u00e4isemiseksi. Harjoitukset alkavat aina potilaan suorittamilla asennoilla ja liikkeill\u00e4, ja vasta, jos on tarpeellista edet\u00e4\u00e4n v\u00e4hitellen terapeutin suorittamiin tekniikoihin. <\/p>\n\n\n\n<p>Menetelm\u00e4\u00e4 k\u00e4ytt\u00e4v\u00e4t fysioterapeutit ovat saaneet lis\u00e4koulutuksen MDT-menetelm\u00e4st\u00e4.<\/p>\n<\/div>\n\n\n\n<div class=\"wp-block-column is-layout-flow wp-block-column-is-layout-flow\" style=\"flex-basis:33.33%\">\n<figure class=\"wp-block-image size-large is-resized\"><img decoding=\"async\" loading=\"lazy\" width=\"714\" height=\"1024\" src=\"https:\/\/www.fysioclinic.net\/wp-content\/uploads\/2023\/11\/spine-7156358_1280-714x1024.png\" alt=\"\" class=\"wp-image-408\" style=\"aspect-ratio:0.8590308370044053;width:287px;height:auto\" srcset=\"https:\/\/www.fysioclinic.net\/wp-content\/uploads\/2023\/11\/spine-7156358_1280-714x1024.png 714w, https:\/\/www.fysioclinic.net\/wp-content\/uploads\/2023\/11\/spine-7156358_1280-209x300.png 209w, https:\/\/www.fysioclinic.net\/wp-content\/uploads\/2023\/11\/spine-7156358_1280-768x1102.png 768w, https:\/\/www.fysioclinic.net\/wp-content\/uploads\/2023\/11\/spine-7156358_1280.png 892w\" sizes=\"(max-width: 714px) 100vw, 714px\" \/><\/figure>\n<\/div>\n<\/div>\n\n\n\n<div style=\"height:100px\" aria-hidden=\"true\" class=\"wp-block-spacer\"><\/div>\n","protected":false},"excerpt":{"rendered":"<p>Mekaaninen diagnostisointi ja terapia (MDT) on ft&nbsp; R.McKenzien kehitt\u00e4m\u00e4 tutkimus- ja hoitomenetelm\u00e4 selk\u00e4vaivojen hoitoon. Fyysisen tutkimuksen p\u00e4\u00e4paino on oireiden analysoinnissa suhteessa tiettyihin toistettuihin rangan liikkeisiin ja pitk\u00e4kestoisiin asentoihin. Yksil\u00f6llinen hoito-ohjelma koostuu spesifeist\u00e4 harjoituksista, asennon hallinnan opetuksesta, liikkeist\u00e4 ja ennaltaehk\u00e4isyst\u00e4 sek\u00e4 ensiapuohjeiden opetuksesta uusien kipuepisodien pahenemisen ehk\u00e4isemiseksi. Harjoitukset alkavat aina potilaan suorittamilla asennoilla ja liikkeill\u00e4, ja [&hellip;]<\/p>\n","protected":false},"author":1,"featured_media":0,"parent":0,"menu_order":0,"comment_status":"closed","ping_status":"closed","template":"blog-alternative","meta":{"footnotes":""},"_links":{"self":[{"href":"https:\/\/www.fysioclinic.net\/index.php\/wp-json\/wp\/v2\/pages\/256"}],"collection":[{"href":"https:\/\/www.fysioclinic.net\/index.php\/wp-json\/wp\/v2\/pages"}],"about":[{"href":"https:\/\/www.fysioclinic.net\/index.php\/wp-json\/wp\/v2\/types\/page"}],"author":[{"embeddable":true,"href":"https:\/\/www.fysioclinic.net\/index.php\/wp-json\/wp\/v2\/users\/1"}],"replies":[{"embeddable":true,"href":"https:\/\/www.fysioclinic.net\/index.php\/wp-json\/wp\/v2\/comments?post=256"}],"version-history":[{"count":4,"href":"https:\/\/www.fysioclinic.net\/index.php\/wp-json\/wp\/v2\/pages\/256\/revisions"}],"predecessor-version":[{"id":410,"href":"https:\/\/www.fysioclinic.net\/index.php\/wp-json\/wp\/v2\/pages\/256\/revisions\/410"}],"wp:attachment":[{"href":"https:\/\/www.fysioclinic.net\/index.php\/wp-json\/wp\/v2\/media?parent=256"}],"curies":[{"name":"wp","href":"https:\/\/api.w.org\/{rel}","templated":true}]}}