{"id":153,"date":"2023-10-05T15:22:24","date_gmt":"2023-10-05T12:22:24","guid":{"rendered":"https:\/\/www.fysioclinic.net\/?page_id=153"},"modified":"2023-11-16T12:54:11","modified_gmt":"2023-11-16T10:54:11","slug":"radial-shockwave-therapy","status":"publish","type":"page","link":"https:\/\/www.fysioclinic.net\/index.php\/radial-shockwave-therapy\/","title":{"rendered":"Radial Shockwave Therapy"},"content":{"rendered":"\n<div class=\"wp-block-columns alignwide is-layout-flex wp-container-3 wp-block-columns-is-layout-flex\">\n<div class=\"wp-block-column is-layout-flow wp-block-column-is-layout-flow\" style=\"flex-basis:33.33%\">\n<figure class=\"wp-block-image size-large has-custom-border\"><img decoding=\"async\" loading=\"lazy\" width=\"1024\" height=\"767\" src=\"https:\/\/www.fysioclinic.net\/wp-content\/uploads\/2023\/11\/IMG_0029-1024x767.jpg\" alt=\"\" class=\"wp-image-421\" style=\"border-radius:100px\" srcset=\"https:\/\/www.fysioclinic.net\/wp-content\/uploads\/2023\/11\/IMG_0029-1024x767.jpg 1024w, https:\/\/www.fysioclinic.net\/wp-content\/uploads\/2023\/11\/IMG_0029-300x225.jpg 300w, https:\/\/www.fysioclinic.net\/wp-content\/uploads\/2023\/11\/IMG_0029-768x575.jpg 768w, https:\/\/www.fysioclinic.net\/wp-content\/uploads\/2023\/11\/IMG_0029-1536x1150.jpg 1536w, https:\/\/www.fysioclinic.net\/wp-content\/uploads\/2023\/11\/IMG_0029-2048x1533.jpg 2048w\" sizes=\"(max-width: 1024px) 100vw, 1024px\" \/><\/figure>\n<\/div>\n\n\n\n<div class=\"wp-block-column is-layout-flow wp-block-column-is-layout-flow\" style=\"flex-basis:66.66%\">\n<p>Radial Shockwave Therapy (St\u00f6tv\u00e5gsbehandling)<\/p>\n\n\n\n<p>St\u00f6tv\u00e5gsbehandling \u00e4r en medicinsk procedur som anv\u00e4nder ljudv\u00e5gor med h\u00f6gt tryck f\u00f6r att behandla olika medicinska tillst\u00e5nd. Genom att rikta ljudv\u00e5gorna mot det drabbade omr\u00e5det kan behandlingen fr\u00e4mja l\u00e4kningsprocessen, minska inflammation och lindra sm\u00e4rta.<\/p>\n\n\n\n<p>Under 1980-talet anv\u00e4ndes st\u00f6tv\u00e5gsbehandlingen som en ickeoperativ behandling av gall- och njurstenar. St\u00f6tv\u00e5gsbehandlingen har senare utvecklats till en behandlingsform f\u00f6r muskel- och senbesv\u00e4r. Sedan mitten av 1990-talet har man anv\u00e4nt behandlingsformen f\u00f6r besv\u00e4r i muskler, senf\u00e4sten och sl\u00e4ms\u00e4cksinflammationer. D\u00e5 fr\u00e4mst inom toppidrott. Idag finns behandlingsformen tillg\u00e4nglig f\u00f6r vem som helst med besv\u00e4r. <\/p>\n\n\n\n<ul>\n<li>senf\u00e4stesinflammationer i axel<\/li>\n\n\n\n<li>kalkaxel<\/li>\n\n\n\n<li>tennis- och golfarmb\u00e5ge<\/li>\n\n\n\n<li>h\u00e4lseneinflammation<\/li>\n\n\n\n<li>h\u00e4lsporre (plantar fasciit)<\/li>\n\n\n\n<li>l\u00f6parkn\u00e4<\/li>\n\n\n\n<li>hopparkn\u00e4<\/li>\n\n\n\n<li>Slems\u00e4cksinflammation (bursit i h\u00f6ft och vrist)<\/li>\n\n\n\n<li>Benhinneinflammation<\/li>\n\n\n\n<li>Stressfraktur<\/li>\n<\/ul>\n<\/div>\n<\/div>\n\n\n\n<div style=\"height:100px\" aria-hidden=\"true\" class=\"wp-block-spacer\"><\/div>\n","protected":false},"excerpt":{"rendered":"<p>Radial Shockwave Therapy (St\u00f6tv\u00e5gsbehandling) St\u00f6tv\u00e5gsbehandling \u00e4r en medicinsk procedur som anv\u00e4nder ljudv\u00e5gor med h\u00f6gt tryck f\u00f6r att behandla olika medicinska tillst\u00e5nd. Genom att rikta ljudv\u00e5gorna mot det drabbade omr\u00e5det kan behandlingen fr\u00e4mja l\u00e4kningsprocessen, minska inflammation och lindra sm\u00e4rta. Under 1980-talet anv\u00e4ndes st\u00f6tv\u00e5gsbehandlingen som en ickeoperativ behandling av gall- och njurstenar. St\u00f6tv\u00e5gsbehandlingen har senare utvecklats till [&hellip;]<\/p>\n","protected":false},"author":1,"featured_media":0,"parent":0,"menu_order":0,"comment_status":"closed","ping_status":"closed","template":"","meta":{"footnotes":""},"_links":{"self":[{"href":"https:\/\/www.fysioclinic.net\/index.php\/wp-json\/wp\/v2\/pages\/153"}],"collection":[{"href":"https:\/\/www.fysioclinic.net\/index.php\/wp-json\/wp\/v2\/pages"}],"about":[{"href":"https:\/\/www.fysioclinic.net\/index.php\/wp-json\/wp\/v2\/types\/page"}],"author":[{"embeddable":true,"href":"https:\/\/www.fysioclinic.net\/index.php\/wp-json\/wp\/v2\/users\/1"}],"replies":[{"embeddable":true,"href":"https:\/\/www.fysioclinic.net\/index.php\/wp-json\/wp\/v2\/comments?post=153"}],"version-history":[{"count":6,"href":"https:\/\/www.fysioclinic.net\/index.php\/wp-json\/wp\/v2\/pages\/153\/revisions"}],"predecessor-version":[{"id":425,"href":"https:\/\/www.fysioclinic.net\/index.php\/wp-json\/wp\/v2\/pages\/153\/revisions\/425"}],"wp:attachment":[{"href":"https:\/\/www.fysioclinic.net\/index.php\/wp-json\/wp\/v2\/media?parent=153"}],"curies":[{"name":"wp","href":"https:\/\/api.w.org\/{rel}","templated":true}]}}