{"id":150,"date":"2023-10-05T15:19:39","date_gmt":"2023-10-05T12:19:39","guid":{"rendered":"https:\/\/www.fysioclinic.net\/?page_id=150"},"modified":"2023-11-10T15:32:27","modified_gmt":"2023-11-10T13:32:27","slug":"mckenzie-mdt","status":"publish","type":"page","link":"https:\/\/www.fysioclinic.net\/index.php\/mckenzie-mdt\/","title":{"rendered":"McKenzie (MDT)"},"content":{"rendered":"\n<div class=\"wp-block-columns alignwide is-layout-flex wp-container-3 wp-block-columns-is-layout-flex\">\n<div class=\"wp-block-column is-layout-flow wp-block-column-is-layout-flow\" style=\"flex-basis:66.66%\">\n<p>Mekanisk diagnostik och terapi (MDT) \u00e4r en metod utvecklad av nyazeel\u00e4ndaren&nbsp; R . Mc Kenzie . Metoden baserar sig p\u00e5 diagnostik enligt m\u00e4nniskans och dess r\u00f6relseapparats p\u00e5verkan av olika r\u00f6relser och positioner. Den individuella behandlingen utf\u00f6rs enligt tolkningar och fynd i relation till sm\u00e4rta av r\u00f6relse i en viss riktning eller l\u00e5ngvariga positioner i st\u00e5ende och sittande.<\/p>\n\n\n\n<p>Metoden grundar sig p\u00e5&nbsp;en aktiv patient samt en fysioterapeut i en viktig instruktionsroll .<\/p>\n\n\n\n<p>Fysio Clinics fysioterapeuter anv\u00e4nder metoden framf\u00f6rallt som egen tr\u00e4ning samt i rehabiliterings- och motionsgrupper.<\/p>\n<\/div>\n\n\n\n<div class=\"wp-block-column is-layout-flow wp-block-column-is-layout-flow\" style=\"flex-basis:33.33%\">\n<figure class=\"wp-block-image size-large is-resized has-custom-border\"><img decoding=\"async\" loading=\"lazy\" width=\"714\" height=\"1024\" src=\"https:\/\/www.fysioclinic.net\/wp-content\/uploads\/2023\/11\/spine-7156358_1280-714x1024.png\" alt=\"\" class=\"wp-image-408\" style=\"border-radius:0px;aspect-ratio:0.8590308370044053;width:285px;height:auto\" srcset=\"https:\/\/www.fysioclinic.net\/wp-content\/uploads\/2023\/11\/spine-7156358_1280-714x1024.png 714w, https:\/\/www.fysioclinic.net\/wp-content\/uploads\/2023\/11\/spine-7156358_1280-209x300.png 209w, https:\/\/www.fysioclinic.net\/wp-content\/uploads\/2023\/11\/spine-7156358_1280-768x1102.png 768w, https:\/\/www.fysioclinic.net\/wp-content\/uploads\/2023\/11\/spine-7156358_1280.png 892w\" sizes=\"(max-width: 714px) 100vw, 714px\" \/><\/figure>\n<\/div>\n<\/div>\n\n\n\n<div style=\"height:100px\" aria-hidden=\"true\" class=\"wp-block-spacer\"><\/div>\n","protected":false},"excerpt":{"rendered":"<p>Mekanisk diagnostik och terapi (MDT) \u00e4r en metod utvecklad av nyazeel\u00e4ndaren&nbsp; R . Mc Kenzie . Metoden baserar sig p\u00e5 diagnostik enligt m\u00e4nniskans och dess r\u00f6relseapparats p\u00e5verkan av olika r\u00f6relser och positioner. Den individuella behandlingen utf\u00f6rs enligt tolkningar och fynd i relation till sm\u00e4rta av r\u00f6relse i en viss riktning eller l\u00e5ngvariga positioner i st\u00e5ende [&hellip;]<\/p>\n","protected":false},"author":1,"featured_media":0,"parent":0,"menu_order":0,"comment_status":"closed","ping_status":"closed","template":"","meta":{"footnotes":""},"_links":{"self":[{"href":"https:\/\/www.fysioclinic.net\/index.php\/wp-json\/wp\/v2\/pages\/150"}],"collection":[{"href":"https:\/\/www.fysioclinic.net\/index.php\/wp-json\/wp\/v2\/pages"}],"about":[{"href":"https:\/\/www.fysioclinic.net\/index.php\/wp-json\/wp\/v2\/types\/page"}],"author":[{"embeddable":true,"href":"https:\/\/www.fysioclinic.net\/index.php\/wp-json\/wp\/v2\/users\/1"}],"replies":[{"embeddable":true,"href":"https:\/\/www.fysioclinic.net\/index.php\/wp-json\/wp\/v2\/comments?post=150"}],"version-history":[{"count":4,"href":"https:\/\/www.fysioclinic.net\/index.php\/wp-json\/wp\/v2\/pages\/150\/revisions"}],"predecessor-version":[{"id":409,"href":"https:\/\/www.fysioclinic.net\/index.php\/wp-json\/wp\/v2\/pages\/150\/revisions\/409"}],"wp:attachment":[{"href":"https:\/\/www.fysioclinic.net\/index.php\/wp-json\/wp\/v2\/media?parent=150"}],"curies":[{"name":"wp","href":"https:\/\/api.w.org\/{rel}","templated":true}]}}