{"id":147,"date":"2023-10-05T15:16:29","date_gmt":"2023-10-05T12:16:29","guid":{"rendered":"https:\/\/www.fysioclinic.net\/?page_id=147"},"modified":"2023-11-07T11:54:06","modified_gmt":"2023-11-07T09:54:06","slug":"klinisk-ortopedisk-medicin-omi","status":"publish","type":"page","link":"https:\/\/www.fysioclinic.net\/index.php\/klinisk-ortopedisk-medicin-omi\/","title":{"rendered":"Klinisk ortopedisk medicin (OMI)"},"content":{"rendered":"\n<div class=\"wp-block-columns alignwide is-layout-flex wp-container-3 wp-block-columns-is-layout-flex\">\n<div class=\"wp-block-column is-layout-flow wp-block-column-is-layout-flow\" style=\"flex-basis:33.33%\">\n<figure class=\"wp-block-image size-large has-custom-border\"><img decoding=\"async\" loading=\"lazy\" width=\"819\" height=\"1024\" src=\"https:\/\/www.fysioclinic.net\/wp-content\/uploads\/2023\/10\/DSCF1317-1-819x1024.jpg\" alt=\"\" class=\"wp-image-121\" style=\"border-radius:100px\" srcset=\"https:\/\/www.fysioclinic.net\/wp-content\/uploads\/2023\/10\/DSCF1317-1-819x1024.jpg 819w, https:\/\/www.fysioclinic.net\/wp-content\/uploads\/2023\/10\/DSCF1317-1-240x300.jpg 240w, https:\/\/www.fysioclinic.net\/wp-content\/uploads\/2023\/10\/DSCF1317-1-768x960.jpg 768w, https:\/\/www.fysioclinic.net\/wp-content\/uploads\/2023\/10\/DSCF1317-1-1229x1536.jpg 1229w, https:\/\/www.fysioclinic.net\/wp-content\/uploads\/2023\/10\/DSCF1317-1-1638x2048.jpg 1638w, https:\/\/www.fysioclinic.net\/wp-content\/uploads\/2023\/10\/DSCF1317-1.jpg 2000w\" sizes=\"(max-width: 819px) 100vw, 819px\" \/><\/figure>\n<\/div>\n\n\n\n<div class=\"wp-block-column is-layout-flow wp-block-column-is-layout-flow\" style=\"flex-basis:66.66%\">\n<p>Ortopedisk medicin&nbsp;enligt OMI (Orthopaedic Medicine International) baserar sig p\u00e5 engelsmannen Dr J. Cyriax diagnostik- och behandlingsmetod och grundar sig p\u00e5 evidensbaserad och forskningspr\u00f6vad fakta.<\/p>\n\n\n\n<p>Metoden m\u00f6jligg\u00f6r diagnostik av lokal eller utstr\u00e5lande sm\u00e4rta samt dess s\u00e4rdrag och ursprung . Unders\u00f6kning och diagnostik enligt OMI ger f\u00f6rst\u00e5else om val och m\u00f6jligheter till en specifikt inriktad behandling f\u00f6r att eliminera ett sm\u00e4rttillst\u00e5nd. Fysioterapeuternas behandling \u00e4r djupa och&nbsp; tv\u00e4ra friktioner, kapsul\u00e4r t\u00f6jning, traktion, mobilisering och manipulation. L\u00e4karen kan anv\u00e4nda specifika injektionsbehandlingar. Vi arbetar med skador g\u00e4llande muskler, senor, ligament, leder, ledkapslar, bursor (slems\u00e4ckar) samt problem med nacke, br\u00f6strygg och l\u00e4ndrygg. <\/p>\n\n\n\n<p>Fysioterapeuterna och l\u00e4karna som specialiserat sig p\u00e5&nbsp;klinisk ortopedisk medicin enligt OMI har genomg\u00e5tt en vidareutbildning i 3-6 \u00e5r, inkluderande erlagd examen.<\/p>\n<\/div>\n<\/div>\n\n\n\n<div style=\"height:100px\" aria-hidden=\"true\" class=\"wp-block-spacer\"><\/div>\n","protected":false},"excerpt":{"rendered":"<p>Ortopedisk medicin&nbsp;enligt OMI (Orthopaedic Medicine International) baserar sig p\u00e5 engelsmannen Dr J. Cyriax diagnostik- och behandlingsmetod och grundar sig p\u00e5 evidensbaserad och forskningspr\u00f6vad fakta. Metoden m\u00f6jligg\u00f6r diagnostik av lokal eller utstr\u00e5lande sm\u00e4rta samt dess s\u00e4rdrag och ursprung . Unders\u00f6kning och diagnostik enligt OMI ger f\u00f6rst\u00e5else om val och m\u00f6jligheter till en specifikt inriktad behandling f\u00f6r [&hellip;]<\/p>\n","protected":false},"author":1,"featured_media":0,"parent":0,"menu_order":0,"comment_status":"closed","ping_status":"closed","template":"","meta":{"footnotes":""},"_links":{"self":[{"href":"https:\/\/www.fysioclinic.net\/index.php\/wp-json\/wp\/v2\/pages\/147"}],"collection":[{"href":"https:\/\/www.fysioclinic.net\/index.php\/wp-json\/wp\/v2\/pages"}],"about":[{"href":"https:\/\/www.fysioclinic.net\/index.php\/wp-json\/wp\/v2\/types\/page"}],"author":[{"embeddable":true,"href":"https:\/\/www.fysioclinic.net\/index.php\/wp-json\/wp\/v2\/users\/1"}],"replies":[{"embeddable":true,"href":"https:\/\/www.fysioclinic.net\/index.php\/wp-json\/wp\/v2\/comments?post=147"}],"version-history":[{"count":3,"href":"https:\/\/www.fysioclinic.net\/index.php\/wp-json\/wp\/v2\/pages\/147\/revisions"}],"predecessor-version":[{"id":337,"href":"https:\/\/www.fysioclinic.net\/index.php\/wp-json\/wp\/v2\/pages\/147\/revisions\/337"}],"wp:attachment":[{"href":"https:\/\/www.fysioclinic.net\/index.php\/wp-json\/wp\/v2\/media?parent=147"}],"curies":[{"name":"wp","href":"https:\/\/api.w.org\/{rel}","templated":true}]}}