{"id":135,"date":"2023-10-05T14:43:29","date_gmt":"2023-10-05T11:43:29","guid":{"rendered":"https:\/\/www.fysioclinic.net\/?page_id=135"},"modified":"2024-01-24T13:42:12","modified_gmt":"2024-01-24T11:42:12","slug":"motionsgrupper","status":"publish","type":"page","link":"https:\/\/www.fysioclinic.net\/index.php\/motionsgrupper\/","title":{"rendered":"Motionsgrupper"},"content":{"rendered":"\n<div class=\"wp-block-columns alignwide is-layout-flex wp-container-3 wp-block-columns-is-layout-flex\">\n<div class=\"wp-block-column is-layout-flow wp-block-column-is-layout-flow\" style=\"flex-basis:33.33%\">\n<figure class=\"wp-block-image size-large has-custom-border\"><img decoding=\"async\" loading=\"lazy\" width=\"1024\" height=\"683\" src=\"https:\/\/www.fysioclinic.net\/wp-content\/uploads\/2023\/11\/IMG_4881-1024x683.jpg\" alt=\"\" class=\"wp-image-392\" style=\"border-radius:50px\" srcset=\"https:\/\/www.fysioclinic.net\/wp-content\/uploads\/2023\/11\/IMG_4881-1024x683.jpg 1024w, https:\/\/www.fysioclinic.net\/wp-content\/uploads\/2023\/11\/IMG_4881-300x200.jpg 300w, https:\/\/www.fysioclinic.net\/wp-content\/uploads\/2023\/11\/IMG_4881-768x513.jpg 768w, https:\/\/www.fysioclinic.net\/wp-content\/uploads\/2023\/11\/IMG_4881-1536x1025.jpg 1536w, https:\/\/www.fysioclinic.net\/wp-content\/uploads\/2023\/11\/IMG_4881-2048x1367.jpg 2048w\" sizes=\"(max-width: 1024px) 100vw, 1024px\" \/><\/figure>\n<\/div>\n\n\n\n<div class=\"wp-block-column is-layout-flow wp-block-column-is-layout-flow\" style=\"flex-basis:66.66%\">\n<p>Vi erbjuder v\u00e5ra motion\u00e4rer en modern, v\u00e4lutrustad motionsmilj\u00f6 i centrala Pargas. V\u00e5ra instrukt\u00f6rer \u00e4r utbildade fysioterapeuter med m\u00e5ng\u00e5rig erfarenhet av motions- och tr\u00e4ningsgrupper . Detta \u00e4r grunden till en trygg men samtidigt effektiv och individanpassad tr\u00e4ning och motion. V\u00e5rt motionsutbud \u00e4r m\u00e5ngsidigt samt anpassat till olika niv\u00e5er. Hos oss hittar Du en motionsgrupp oberoende konditionsniv\u00e5 och \u00e5lder. Instrukt\u00f6rerna leder \u00e4ven special- och&nbsp; s\u00e4ranpassade grupper f\u00f6r handikappade .<\/p>\n<\/div>\n<\/div>\n\n\n\n<div style=\"height:100px\" aria-hidden=\"true\" class=\"wp-block-spacer\"><\/div>\n\n\n\n<h2 class=\"wp-block-heading alignwide has-text-align-left\">V\u00e5rens grupper<\/h2>\n\n\n\n<figure class=\"wp-block-image alignwide size-large\"><img decoding=\"async\" loading=\"lazy\" width=\"1024\" height=\"727\" src=\"https:\/\/www.fysioclinic.net\/wp-content\/uploads\/2024\/01\/jumppa1.24-1024x727.jpg\" alt=\"\" class=\"wp-image-429\" srcset=\"https:\/\/www.fysioclinic.net\/wp-content\/uploads\/2024\/01\/jumppa1.24-1024x727.jpg 1024w, https:\/\/www.fysioclinic.net\/wp-content\/uploads\/2024\/01\/jumppa1.24-300x213.jpg 300w, https:\/\/www.fysioclinic.net\/wp-content\/uploads\/2024\/01\/jumppa1.24-768x545.jpg 768w, https:\/\/www.fysioclinic.net\/wp-content\/uploads\/2024\/01\/jumppa1.24.jpg 1026w\" sizes=\"(max-width: 1024px) 100vw, 1024px\" \/><\/figure>\n\n\n\n<div style=\"height:38px\" aria-hidden=\"true\" class=\"wp-block-spacer\"><\/div>\n\n\n\n<div class=\"wp-block-group alignwide is-vertical is-layout-flex wp-container-4 wp-block-group-is-layout-flex\">\n<p class=\"has-medium-font-size\">I v\u00e5rt m\u00e5ngsidiga motions- och tr\u00e4ningsutbud finns n\u00e5got f\u00f6r envar. Samtliga grupper leds av fysioterapeuter med m\u00e5ng\u00e5rig erfarenhet.<\/p>\n<\/div>\n\n\n\n<div class=\"wp-block-columns alignwide is-layout-flex wp-container-13 wp-block-columns-is-layout-flex\" style=\"border-style:none;border-width:0px\">\n<div class=\"wp-block-column is-layout-flow wp-block-column-is-layout-flow\" style=\"border-style:none;border-width:0px\">\n<div class=\"wp-block-columns is-layout-flex wp-container-7 wp-block-columns-is-layout-flex\">\n<div class=\"wp-block-column is-layout-flow wp-container-5 wp-block-column-is-layout-flow\" style=\"border-style:none;border-width:0px;padding-top:0;padding-right:0;padding-bottom:0;padding-left:0\">\n<h4 class=\"wp-block-heading has-text-align-left\">Herrjumppa<\/h4>\n\n\n\n<p class=\"has-text-align-left\">Enkel basjumppa d\u00e4r du blir svettig och h\u00f6jer pulsen. Trots detta anpassas jumppan till deltagarnas behov som grupp och individ.<\/p>\n<\/div>\n\n\n\n<div class=\"wp-block-column is-layout-flow wp-block-column-is-layout-flow\">\n<h4 class=\"wp-block-heading has-text-align-left\">Rygg- och nack<\/h4>\n\n\n\n<p class=\"has-text-align-left\">V\u00e5r klassiker. Rygg- och nackv\u00e4nlig motionsjumppa f\u00f6r personer i alla \u00e5ldrar. 10-15 min uppv\u00e4rmning med pulsh\u00f6jning, 30-35 min muskelst\u00e4rkande \u00f6vningar f\u00f6r hela kroppen, 15 min t\u00f6jningar och r\u00f6rlighets\u00f6vningar.<\/p>\n<\/div>\n<\/div>\n<\/div>\n\n\n\n<div class=\"wp-block-column is-layout-flow wp-block-column-is-layout-flow\">\n<div class=\"wp-block-columns is-layout-flex wp-container-11 wp-block-columns-is-layout-flex\">\n<div class=\"wp-block-column is-layout-flow wp-block-column-is-layout-flow\">\n<h4 class=\"wp-block-heading has-text-align-left\">Seniorjumppa<\/h4>\n\n\n\n<p>Individuellt anpassad motionsjumppa. F\u00f6rb\u00e4ttrar r\u00f6rlighet, balans och muskelstyrka. &#8221;Jumpa i din egen takt&#8221;<\/p>\n<\/div>\n\n\n\n<div class=\"wp-block-column is-layout-flow wp-block-column-is-layout-flow\">\n<h4 class=\"wp-block-heading has-text-align-left\">Seniorcirkel<\/h4>\n\n\n\n<p>M\u00e5ngsidig och individuellt anpassad cirkeltr\u00e4ning som utvecklar din uth\u00e5llighetsstyrka. Tr\u00e4ningen utf\u00f6rs s\u00e5v\u00e4l med redskap som utan och ger en effektivmuskeltr\u00e4ning. Tr\u00e4ningspasset avslutas med t\u00f6jnings\u00f6vningar f\u00f6r stram muskulatur.<\/p>\n<\/div>\n<\/div>\n<\/div>\n<\/div>\n\n\n\n<div style=\"height:100px\" aria-hidden=\"true\" class=\"wp-block-spacer\"><\/div>\n\n\n\n<div class=\"wp-block-columns alignfull is-layout-flex wp-container-15 wp-block-columns-is-layout-flex\">\n<div class=\"wp-block-column is-vertically-aligned-center has-background is-layout-flow wp-block-column-is-layout-flow\" style=\"background-color:#00000017\">\n<h4 class=\"wp-block-heading has-text-align-center\" style=\"margin-top:var(--wp--preset--spacing--30);margin-bottom:var(--wp--preset--spacing--30)\">Vi tar emot<\/h4>\n<\/div>\n<\/div>\n\n\n\n<div class=\"wp-block-columns alignfull are-vertically-aligned-center has-background is-layout-flex wp-container-21 wp-block-columns-is-layout-flex\" style=\"background-color:#00000017;margin-top:0;margin-bottom:0;padding-top:0;padding-right:var(--wp--preset--spacing--30);padding-bottom:var(--wp--preset--spacing--50);padding-left:var(--wp--preset--spacing--30)\">\n<div class=\"wp-block-column is-layout-flow wp-block-column-is-layout-flow\"><\/div>\n\n\n\n<div class=\"wp-block-column is-vertically-aligned-center is-layout-flow wp-block-column-is-layout-flow\">\n<figure class=\"wp-block-image aligncenter size-full is-resized has-custom-border\"><img decoding=\"async\" loading=\"lazy\" width=\"320\" height=\"163\" src=\"https:\/\/www.fysioclinic.net\/wp-content\/uploads\/2023\/10\/smartum-logo.jpg\" alt=\"\" class=\"wp-image-166\" style=\"border-style:none;border-width:0px;border-radius:30px;aspect-ratio:1.9631901840490797;width:299px;height:auto\" srcset=\"https:\/\/www.fysioclinic.net\/wp-content\/uploads\/2023\/10\/smartum-logo.jpg 320w, https:\/\/www.fysioclinic.net\/wp-content\/uploads\/2023\/10\/smartum-logo-300x153.jpg 300w\" sizes=\"(max-width: 320px) 100vw, 320px\" \/><\/figure>\n<\/div>\n\n\n\n<div class=\"wp-block-column is-vertically-aligned-center is-layout-flow wp-block-column-is-layout-flow\">\n<figure class=\"wp-block-image aligncenter size-full is-resized has-custom-border\"><img decoding=\"async\" loading=\"lazy\" width=\"443\" height=\"490\" src=\"https:\/\/www.fysioclinic.net\/wp-content\/uploads\/2023\/10\/epassi-logo.jpg\" alt=\"\" class=\"wp-image-167\" style=\"border-radius:30px;width:158px;height:auto\" srcset=\"https:\/\/www.fysioclinic.net\/wp-content\/uploads\/2023\/10\/epassi-logo.jpg 443w, https:\/\/www.fysioclinic.net\/wp-content\/uploads\/2023\/10\/epassi-logo-271x300.jpg 271w\" sizes=\"(max-width: 443px) 100vw, 443px\" \/><\/figure>\n<\/div>\n\n\n\n<div class=\"wp-block-column is-vertically-aligned-center is-layout-flow wp-block-column-is-layout-flow\">\n<figure class=\"wp-block-image aligncenter size-full is-resized has-custom-border\"><img decoding=\"async\" loading=\"lazy\" width=\"301\" height=\"170\" src=\"https:\/\/www.fysioclinic.net\/wp-content\/uploads\/2023\/10\/edenred-logo.jpg\" alt=\"\" class=\"wp-image-168\" style=\"border-radius:30px;aspect-ratio:1.7705882352941176;width:313px;height:auto\"\/><\/figure>\n<\/div>\n\n\n\n<div class=\"wp-block-column is-layout-flow wp-block-column-is-layout-flow\"><\/div>\n<\/div>\n","protected":false},"excerpt":{"rendered":"<p>Vi erbjuder v\u00e5ra motion\u00e4rer en modern, v\u00e4lutrustad motionsmilj\u00f6 i centrala Pargas. V\u00e5ra instrukt\u00f6rer \u00e4r utbildade fysioterapeuter med m\u00e5ng\u00e5rig erfarenhet av motions- och tr\u00e4ningsgrupper . Detta \u00e4r grunden till en trygg men samtidigt effektiv och individanpassad tr\u00e4ning och motion. V\u00e5rt motionsutbud \u00e4r m\u00e5ngsidigt samt anpassat till olika niv\u00e5er. Hos oss hittar Du en motionsgrupp oberoende konditionsniv\u00e5 [&hellip;]<\/p>\n","protected":false},"author":1,"featured_media":0,"parent":0,"menu_order":0,"comment_status":"closed","ping_status":"closed","template":"","meta":{"footnotes":""},"_links":{"self":[{"href":"https:\/\/www.fysioclinic.net\/index.php\/wp-json\/wp\/v2\/pages\/135"}],"collection":[{"href":"https:\/\/www.fysioclinic.net\/index.php\/wp-json\/wp\/v2\/pages"}],"about":[{"href":"https:\/\/www.fysioclinic.net\/index.php\/wp-json\/wp\/v2\/types\/page"}],"author":[{"embeddable":true,"href":"https:\/\/www.fysioclinic.net\/index.php\/wp-json\/wp\/v2\/users\/1"}],"replies":[{"embeddable":true,"href":"https:\/\/www.fysioclinic.net\/index.php\/wp-json\/wp\/v2\/comments?post=135"}],"version-history":[{"count":9,"href":"https:\/\/www.fysioclinic.net\/index.php\/wp-json\/wp\/v2\/pages\/135\/revisions"}],"predecessor-version":[{"id":430,"href":"https:\/\/www.fysioclinic.net\/index.php\/wp-json\/wp\/v2\/pages\/135\/revisions\/430"}],"wp:attachment":[{"href":"https:\/\/www.fysioclinic.net\/index.php\/wp-json\/wp\/v2\/media?parent=135"}],"curies":[{"name":"wp","href":"https:\/\/api.w.org\/{rel}","templated":true}]}}