{"id":130,"date":"2023-10-05T13:30:50","date_gmt":"2023-10-05T10:30:50","guid":{"rendered":"https:\/\/www.fysioclinic.net\/?page_id=130"},"modified":"2023-11-09T12:38:42","modified_gmt":"2023-11-09T10:38:42","slug":"lakartjanster","status":"publish","type":"page","link":"https:\/\/www.fysioclinic.net\/index.php\/lakartjanster\/","title":{"rendered":"L\u00e4kartj\u00e4nster"},"content":{"rendered":"\n<div class=\"wp-block-columns alignwide is-layout-flex wp-container-3 wp-block-columns-is-layout-flex\">\n<div class=\"wp-block-column is-layout-flow wp-block-column-is-layout-flow\" style=\"flex-basis:66.66%\">\n<p>Vi erbjuder l\u00e4kartj\u00e4nster 1-2 ggr\/m\u00e5naden. L\u00e4karen har specialiserat sig p\u00e5 klinisk ortopedisk medicin och \u00e4r en naturlig och viktig l\u00e4nk i&nbsp; FysioClinics personalteam.<\/p>\n<\/div>\n\n\n\n<div class=\"wp-block-column is-layout-flow wp-block-column-is-layout-flow\" style=\"flex-basis:33.33%\">\n<figure class=\"wp-block-image size-large has-custom-border\"><img decoding=\"async\" loading=\"lazy\" width=\"1024\" height=\"682\" src=\"https:\/\/www.fysioclinic.net\/wp-content\/uploads\/2023\/11\/DSCF1040-1024x682.jpg\" alt=\"\" class=\"wp-image-372\" style=\"border-radius:100px\" srcset=\"https:\/\/www.fysioclinic.net\/wp-content\/uploads\/2023\/11\/DSCF1040-1024x682.jpg 1024w, https:\/\/www.fysioclinic.net\/wp-content\/uploads\/2023\/11\/DSCF1040-300x200.jpg 300w, https:\/\/www.fysioclinic.net\/wp-content\/uploads\/2023\/11\/DSCF1040-768x512.jpg 768w, https:\/\/www.fysioclinic.net\/wp-content\/uploads\/2023\/11\/DSCF1040-1536x1024.jpg 1536w, https:\/\/www.fysioclinic.net\/wp-content\/uploads\/2023\/11\/DSCF1040-2048x1365.jpg 2048w\" sizes=\"(max-width: 1024px) 100vw, 1024px\" \/><\/figure>\n<\/div>\n<\/div>\n\n\n\n<div style=\"height:100px\" aria-hidden=\"true\" class=\"wp-block-spacer\"><\/div>\n","protected":false},"excerpt":{"rendered":"<p>Vi erbjuder l\u00e4kartj\u00e4nster 1-2 ggr\/m\u00e5naden. L\u00e4karen har specialiserat sig p\u00e5 klinisk ortopedisk medicin och \u00e4r en naturlig och viktig l\u00e4nk i&nbsp; FysioClinics personalteam.<\/p>\n","protected":false},"author":1,"featured_media":0,"parent":0,"menu_order":0,"comment_status":"closed","ping_status":"closed","template":"","meta":{"footnotes":""},"_links":{"self":[{"href":"https:\/\/www.fysioclinic.net\/index.php\/wp-json\/wp\/v2\/pages\/130"}],"collection":[{"href":"https:\/\/www.fysioclinic.net\/index.php\/wp-json\/wp\/v2\/pages"}],"about":[{"href":"https:\/\/www.fysioclinic.net\/index.php\/wp-json\/wp\/v2\/types\/page"}],"author":[{"embeddable":true,"href":"https:\/\/www.fysioclinic.net\/index.php\/wp-json\/wp\/v2\/users\/1"}],"replies":[{"embeddable":true,"href":"https:\/\/www.fysioclinic.net\/index.php\/wp-json\/wp\/v2\/comments?post=130"}],"version-history":[{"count":5,"href":"https:\/\/www.fysioclinic.net\/index.php\/wp-json\/wp\/v2\/pages\/130\/revisions"}],"predecessor-version":[{"id":374,"href":"https:\/\/www.fysioclinic.net\/index.php\/wp-json\/wp\/v2\/pages\/130\/revisions\/374"}],"wp:attachment":[{"href":"https:\/\/www.fysioclinic.net\/index.php\/wp-json\/wp\/v2\/media?parent=130"}],"curies":[{"name":"wp","href":"https:\/\/api.w.org\/{rel}","templated":true}]}}